{"id":118,"date":"2011-09-26T07:24:48","date_gmt":"2011-09-26T07:24:48","guid":{"rendered":"http:\/\/www.jarmosalow.com\/sivut\/?page_id=118"},"modified":"2011-09-28T19:18:00","modified_gmt":"2011-09-28T19:18:00","slug":"yhteystiedot","status":"publish","type":"page","link":"https:\/\/www.jarmosalow.com\/sivut\/?page_id=118","title":{"rendered":"Yhteystiedot"},"content":{"rendered":"<p style=\"text-align: left;\" align=\"center\"><strong><img loading=\"lazy\" decoding=\"async\" class=\"alignright size-medium wp-image-130\" title=\"Ulkokyltti\" src=\"http:\/\/www.jarmosalow.com\/sivut\/wp-content\/uploads\/2011\/09\/ulkokyltti3-300x204.jpg\" alt=\"\" width=\"300\" height=\"204\" srcset=\"https:\/\/www.jarmosalow.com\/sivut\/wp-content\/uploads\/2011\/09\/ulkokyltti3-300x204.jpg 300w, https:\/\/www.jarmosalow.com\/sivut\/wp-content\/uploads\/2011\/09\/ulkokyltti3-150x102.jpg 150w, https:\/\/www.jarmosalow.com\/sivut\/wp-content\/uploads\/2011\/09\/ulkokyltti3-400x272.jpg 400w, https:\/\/www.jarmosalow.com\/sivut\/wp-content\/uploads\/2011\/09\/ulkokyltti3.jpg 500w\" sizes=\"auto, (max-width: 300px) 100vw, 300px\" \/>Jarmo Salow<\/strong><br \/>\nJouhtenentie 181<br \/>\n86300 Oulainen<\/p>\n<p>Puh. 0400 618 757<br \/>\njarmo.salow@jarmosalow.com<\/p>\n<p style=\"text-align: left;\" align=\"center\">Perille l\u00f6yt\u00e4\u00e4 kun Oulaisten liikenneympyr\u00e4st\u00e4 l\u00e4htee sairaalalle\/urheilukent\u00e4lle p\u00e4in.<br \/>\nAja kent\u00e4n ohi ja k\u00e4\u00e4nny Haaranm\u00e4elle (l\u00e4mp\u00f6laitoksen suuntaan).<br \/>\nAja Matkanivantien yli Jouhtenentielle ja aja Jouhtenentiet\u00e4 n. 1,8 km.<\/p>\n<p style=\"text-align: left;\" align=\"center\">K\u00e4\u00e4nny vasemmalle vihre\u00e4n talon pihaan.<\/p>\n<p>Oulusta p\u00e4in tultaessa aja Oulun tiet\u00e4 etel\u00e4\u00e4n kunnes tulee vasemmalle kyltti Pyrr\u00f6\u00f6n. K\u00e4\u00e4nny sinne ja heti ensimm\u00e4isest\u00e4 oikealle Jouhtenennevalle. Aja n. 500 m ja k\u00e4\u00e4nny oikealle vihre\u00e4n talon pihaan.<\/p>\n<p><iframe loading=\"lazy\" width=\"600\" height=\"495\" frameborder=\"0\" scrolling=\"no\" marginheight=\"0\" marginwidth=\"0\" src=\"http:\/\/maps.google.fi\/maps?hl=fi&amp;q=Jouhtenentie+181,+Oulainen&amp;ie=UTF8&amp;hq=&amp;hnear=Jouhtenentie+181,+86300+Oulainen&amp;t=m&amp;vpsrc=0&amp;source=embed&amp;ll=64.281557,24.885227&amp;spn=0.019144,0.053816&amp;z=14&amp;iwloc=A&amp;output=embed\"><\/iframe><br \/><small><a href=\"http:\/\/maps.google.fi\/maps?hl=fi&amp;q=Jouhtenentie+181,+Oulainen&amp;ie=UTF8&amp;hq=&amp;hnear=Jouhtenentie+181,+86300+Oulainen&amp;t=m&amp;vpsrc=0&amp;source=embed&amp;ll=64.281557,24.885227&amp;spn=0.019144,0.053816&amp;z=14&amp;iwloc=A\" style=\"color:#0000FF;text-align:left\">N\u00e4yt\u00e4 suurempi kartta<\/a><\/small><\/p>\n","protected":false},"excerpt":{"rendered":"<p>Jarmo Salow Jouhtenentie 181 86300 Oulainen Puh. 0400 618 757 jarmo.salow@jarmosalow.com Perille l\u00f6yt\u00e4\u00e4 kun Oulaisten liikenneympyr\u00e4st\u00e4 l\u00e4htee sairaalalle\/urheilukent\u00e4lle p\u00e4in. Aja kent\u00e4n ohi ja k\u00e4\u00e4nny Haaranm\u00e4elle (l\u00e4mp\u00f6laitoksen suuntaan). Aja Matkanivantien yli Jouhtenentielle ja aja Jouhtenentiet\u00e4 n. 1,8 km. K\u00e4\u00e4nny vasemmalle vihre\u00e4n talon pihaan. Oulusta p\u00e4in tultaessa aja Oulun tiet\u00e4 etel\u00e4\u00e4n kunnes tulee vasemmalle kyltti Pyrr\u00f6\u00f6n. K\u00e4\u00e4nny [&hellip;]<\/p>\n","protected":false},"author":1,"featured_media":0,"parent":0,"menu_order":25,"comment_status":"closed","ping_status":"closed","template":"","meta":{"footnotes":""},"class_list":["post-118","page","type-page","status-publish","hentry"],"_links":{"self":[{"href":"https:\/\/www.jarmosalow.com\/sivut\/index.php?rest_route=\/wp\/v2\/pages\/118","targetHints":{"allow":["GET"]}}],"collection":[{"href":"https:\/\/www.jarmosalow.com\/sivut\/index.php?rest_route=\/wp\/v2\/pages"}],"about":[{"href":"https:\/\/www.jarmosalow.com\/sivut\/index.php?rest_route=\/wp\/v2\/types\/page"}],"author":[{"embeddable":true,"href":"https:\/\/www.jarmosalow.com\/sivut\/index.php?rest_route=\/wp\/v2\/users\/1"}],"replies":[{"embeddable":true,"href":"https:\/\/www.jarmosalow.com\/sivut\/index.php?rest_route=%2Fwp%2Fv2%2Fcomments&post=118"}],"version-history":[{"count":25,"href":"https:\/\/www.jarmosalow.com\/sivut\/index.php?rest_route=\/wp\/v2\/pages\/118\/revisions"}],"predecessor-version":[{"id":238,"href":"https:\/\/www.jarmosalow.com\/sivut\/index.php?rest_route=\/wp\/v2\/pages\/118\/revisions\/238"}],"wp:attachment":[{"href":"https:\/\/www.jarmosalow.com\/sivut\/index.php?rest_route=%2Fwp%2Fv2%2Fmedia&parent=118"}],"curies":[{"name":"wp","href":"https:\/\/api.w.org\/{rel}","templated":true}]}}