{"id":12,"date":"2011-09-09T19:41:19","date_gmt":"2011-09-09T19:41:19","guid":{"rendered":"http:\/\/www.jarmosalow.com\/sivut\/?page_id=12"},"modified":"2023-12-18T11:13:23","modified_gmt":"2023-12-18T11:13:23","slug":"hinnasto","status":"publish","type":"page","link":"https:\/\/www.jarmosalow.com\/sivut\/?page_id=12","title":{"rendered":"Hinnasto"},"content":{"rendered":"<p>Hinnat muodostuvat tutkimiseen ja hoitamiseen k\u00e4ytetyn ajan perusteella.<br \/>\nHieronnat (sis\u00e4lt\u00e4en erikoisk\u00e4sittelyt)<\/p>\n<p>Hinnasto 1.9.2023 alkaen.<\/p>\n<p>&nbsp;<\/p>\n<table border=\"0\">\n<tbody>\n<tr>\n<td width=\"200\"><strong>Vastaanottoaika noin<\/strong><\/td>\n<td><strong>Hinta<\/strong><\/td>\n<\/tr>\n<\/tbody>\n<\/table>\n<table border=\"0\" width=\"241\">\n<tbody>\n<tr>\n<td width=\"200\">30min<\/td>\n<td>38\u20ac<\/td>\n<\/tr>\n<tr>\n<td>45 min<\/td>\n<td>50\u20ac<\/td>\n<\/tr>\n<tr>\n<td>60 min<\/td>\n<td>60\u20ac<\/td>\n<\/tr>\n<tr>\n<td>90 min<\/td>\n<td>80\u20ac<\/td>\n<\/tr>\n<tr>\n<td><\/td>\n<td><\/td>\n<\/tr>\n<\/tbody>\n<\/table>\n<p>Manipulaatioaika max. 15 min 28 \u20ac<\/p>\n<p>Maksutapa k\u00e4teinen ja pankkisiirto , ei pankkikorttimaksuja. Yrityksille my\u00f6s laskutus.<\/p>\n<p>Peruuttamattomasta ajasta 70 % hinnaston mukaisesta hinnasta.<\/p>\n","protected":false},"excerpt":{"rendered":"<p>Hinnat muodostuvat tutkimiseen ja hoitamiseen k\u00e4ytetyn ajan perusteella. Hieronnat (sis\u00e4lt\u00e4en erikoisk\u00e4sittelyt) Hinnasto 1.9.2023 alkaen. &nbsp; Vastaanottoaika noin Hinta 30min 38\u20ac 45 min 50\u20ac 60 min 60\u20ac 90 min 80\u20ac Manipulaatioaika max. 15 min 28 \u20ac Maksutapa k\u00e4teinen ja pankkisiirto , ei pankkikorttimaksuja. Yrityksille my\u00f6s laskutus. Peruuttamattomasta ajasta 70 % hinnaston mukaisesta hinnasta.<\/p>\n","protected":false},"author":1,"featured_media":0,"parent":0,"menu_order":15,"comment_status":"open","ping_status":"open","template":"","meta":{"footnotes":""},"class_list":["post-12","page","type-page","status-publish","hentry"],"_links":{"self":[{"href":"https:\/\/www.jarmosalow.com\/sivut\/index.php?rest_route=\/wp\/v2\/pages\/12","targetHints":{"allow":["GET"]}}],"collection":[{"href":"https:\/\/www.jarmosalow.com\/sivut\/index.php?rest_route=\/wp\/v2\/pages"}],"about":[{"href":"https:\/\/www.jarmosalow.com\/sivut\/index.php?rest_route=\/wp\/v2\/types\/page"}],"author":[{"embeddable":true,"href":"https:\/\/www.jarmosalow.com\/sivut\/index.php?rest_route=\/wp\/v2\/users\/1"}],"replies":[{"embeddable":true,"href":"https:\/\/www.jarmosalow.com\/sivut\/index.php?rest_route=%2Fwp%2Fv2%2Fcomments&post=12"}],"version-history":[{"count":28,"href":"https:\/\/www.jarmosalow.com\/sivut\/index.php?rest_route=\/wp\/v2\/pages\/12\/revisions"}],"predecessor-version":[{"id":438,"href":"https:\/\/www.jarmosalow.com\/sivut\/index.php?rest_route=\/wp\/v2\/pages\/12\/revisions\/438"}],"wp:attachment":[{"href":"https:\/\/www.jarmosalow.com\/sivut\/index.php?rest_route=%2Fwp%2Fv2%2Fmedia&parent=12"}],"curies":[{"name":"wp","href":"https:\/\/api.w.org\/{rel}","templated":true}]}}