{"id":267,"date":"2011-09-28T19:43:41","date_gmt":"2011-09-28T19:43:41","guid":{"rendered":"http:\/\/www.jarmosalow.com\/sivut\/?page_id=267"},"modified":"2011-10-02T18:32:06","modified_gmt":"2011-10-02T18:32:06","slug":"kasien-venytykset","status":"publish","type":"page","link":"https:\/\/www.jarmosalow.com\/sivut\/?page_id=267","title":{"rendered":"K\u00e4sien venytykset"},"content":{"rendered":"<p><\/p>\n<div style=\"font-size:14px\"><a title=\"K\u00e4sien venytykset\" href=\"http:\/\/www.jarmosalow.com\/sivut\/?page_id=267\">K\u00e4sien venytykset<\/a> | <a title=\"Sel\u00e4n ja vatsan venytykset\" href=\"http:\/\/www.jarmosalow.com\/sivut\/?page_id=271\">Sel\u00e4n ja vatsan venytykset<\/a> | <a title=\"Jalkojen venytykset\" href=\"http:\/\/www.jarmosalow.com\/sivut\/?page_id=273\">Jalkojen venytykset<\/a> | <a title=\"Hartioiden venytykset\" href=\"http:\/\/www.jarmosalow.com\/sivut\/?page_id=275\">Hartioiden venytykset<\/a><\/div>\n<table width=\"720\" border=\"0\" cellpadding=\"10\">\n<tbody>\n<tr>\n<td valign=\"top\" width=\"360\">\u00a0<img loading=\"lazy\" decoding=\"async\" class=\"alignleft size-full wp-image-226\" title=\"jarmo1v\" src=\"http:\/\/www.jarmosalow.com\/sivut\/wp-content\/uploads\/2011\/09\/jarmo1v.jpg\" alt=\"\" width=\"255\" height=\"340\" srcset=\"https:\/\/www.jarmosalow.com\/sivut\/wp-content\/uploads\/2011\/09\/jarmo1v.jpg 255w, https:\/\/www.jarmosalow.com\/sivut\/wp-content\/uploads\/2011\/09\/jarmo1v-225x300.jpg 225w, https:\/\/www.jarmosalow.com\/sivut\/wp-content\/uploads\/2011\/09\/jarmo1v-112x150.jpg 112w\" sizes=\"auto, (max-width: 255px) 100vw, 255px\" \/><\/td>\n<td valign=\"top\" width=\"360\">\n<div><strong>Olkavarren ojentajan venytys (triceps brachii)<\/strong><\/p>\n<p>Oikea k\u00e4si venytett\u00e4v\u00e4n\u00e4.<\/p>\n<p>Nosta oikea k\u00e4tesi yl\u00e4kautta sel\u00e4n taakse ja tartu siihen vasemmalla k\u00e4dell\u00e4si alakautta. Mik\u00e4li et saa k\u00e4si\u00e4si vastakkain, voit k\u00e4ytt\u00e4\u00e4 apuv\u00e4lineen\u00e4 esim. pyyhett\u00e4. Ved\u00e4 vasemmalla k\u00e4dell\u00e4 oikeaa k\u00e4tt\u00e4 alasp\u00e4in. Pid\u00e4 oikea k\u00e4den kyyn\u00e4rp\u00e4\u00e4 koko ajan mahdollisimman koukussa ja niin, ett\u00e4 kyyn\u00e4rp\u00e4\u00e4 osoittaa suoraan yl\u00f6sp\u00e4in.<\/p><\/div>\n<\/td>\n<\/tr>\n<tr>\n<td valign=\"top\" width=\"360\">\u00a0<img loading=\"lazy\" decoding=\"async\" class=\"alignleft size-full wp-image-217\" title=\"jarmo 028v\" src=\"http:\/\/www.jarmosalow.com\/sivut\/wp-content\/uploads\/2011\/09\/jarmo-028v.jpg\" alt=\"\" width=\"340\" height=\"255\" srcset=\"https:\/\/www.jarmosalow.com\/sivut\/wp-content\/uploads\/2011\/09\/jarmo-028v.jpg 340w, https:\/\/www.jarmosalow.com\/sivut\/wp-content\/uploads\/2011\/09\/jarmo-028v-300x225.jpg 300w, https:\/\/www.jarmosalow.com\/sivut\/wp-content\/uploads\/2011\/09\/jarmo-028v-150x112.jpg 150w\" sizes=\"auto, (max-width: 340px) 100vw, 340px\" \/><\/td>\n<td valign=\"top\" width=\"360\">\n<div><strong>Hauislihaksen venytys (biceps brachii)<\/strong><\/p>\n<p>Oikea k\u00e4si venytett\u00e4v\u00e4n\u00e4.<\/p>\n<p>Seiso noin puolenmetrin p\u00e4\u00e4ss\u00e4 sein\u00e4st\u00e4, kylki sein\u00e4\u00e4 kohti. Nosta oikea k\u00e4si takaviistoon vaakatasoon, paina peukalon hanka sek\u00e4 osa k\u00e4mmensel\u00e4st\u00e4 kiinni sein\u00e4\u00e4n, hauislihaksen osoittaessa l\u00e4hes suoraan kohti kattoa. K\u00e4\u00e4nn\u00e4 rintamasuuntaa sein\u00e4st\u00e4 poisp\u00e4in. Voit vaihdella hieman k\u00e4den korkeutta sein\u00e4ll\u00e4 sek\u00e4 et\u00e4isyytt\u00e4 sein\u00e4st\u00e4 jotta saat venytyksen tuntumaan.<\/p><\/div>\n<\/td>\n<\/tr>\n<tr>\n<td valign=\"top\" width=\"360\">\u00a0<img loading=\"lazy\" decoding=\"async\" class=\"alignleft size-full wp-image-219\" title=\"jarmo 031v\" src=\"http:\/\/www.jarmosalow.com\/sivut\/wp-content\/uploads\/2011\/09\/jarmo-031v.jpg\" alt=\"\" width=\"255\" height=\"340\" srcset=\"https:\/\/www.jarmosalow.com\/sivut\/wp-content\/uploads\/2011\/09\/jarmo-031v.jpg 255w, https:\/\/www.jarmosalow.com\/sivut\/wp-content\/uploads\/2011\/09\/jarmo-031v-225x300.jpg 225w, https:\/\/www.jarmosalow.com\/sivut\/wp-content\/uploads\/2011\/09\/jarmo-031v-112x150.jpg 112w\" sizes=\"auto, (max-width: 255px) 100vw, 255px\" \/><\/td>\n<td valign=\"top\" width=\"360\">\n<div><strong>Ranteen ja sormien koukistajat<\/strong><\/p>\n<p>Oikea k\u00e4si venytett\u00e4v\u00e4n\u00e4.<\/p>\n<p>K\u00e4\u00e4nn\u00e4 oikea k\u00e4si k\u00e4mmen yl\u00f6sp\u00e4in ja suorista k\u00e4si. Tartu vasemmalla k\u00e4dell\u00e4si oikean k\u00e4den k\u00e4mmenest\u00e4 tai sormista ja ved\u00e4 k\u00e4mment\u00e4 tai sormia yliojennukseen. Venytett\u00e4v\u00e4 k\u00e4si osoittaa hieman alaviistoon. Pid\u00e4 k\u00e4si koko ajan suorassa. Jos ved\u00e4t k\u00e4mmenest\u00e4, venytys kohdistuu enemm\u00e4n ranteen koukistajiin. Jos taas ved\u00e4t sormista tulee venytys enemm\u00e4n sormien koukistajille.<\/p><\/div>\n<\/td>\n<\/tr>\n<tr>\n<td valign=\"top\" width=\"360\"><img loading=\"lazy\" decoding=\"async\" class=\"alignleft size-full wp-image-220\" title=\"jarmo 032v\" src=\"http:\/\/www.jarmosalow.com\/sivut\/wp-content\/uploads\/2011\/09\/jarmo-032v.jpg\" alt=\"\" width=\"255\" height=\"340\" srcset=\"https:\/\/www.jarmosalow.com\/sivut\/wp-content\/uploads\/2011\/09\/jarmo-032v.jpg 255w, https:\/\/www.jarmosalow.com\/sivut\/wp-content\/uploads\/2011\/09\/jarmo-032v-225x300.jpg 225w, https:\/\/www.jarmosalow.com\/sivut\/wp-content\/uploads\/2011\/09\/jarmo-032v-112x150.jpg 112w\" sizes=\"auto, (max-width: 255px) 100vw, 255px\" \/><\/td>\n<td valign=\"top\" width=\"360\"><strong>Ranteen ja sormien ojentajat<\/strong><\/p>\n<p>Oikea k\u00e4si venytett\u00e4v\u00e4n\u00e4.<\/p>\n<p>K\u00e4\u00e4nn\u00e4 oikean k\u00e4den k\u00e4mmen yl\u00f6sp\u00e4in. Pid\u00e4 k\u00e4si suorassa. K\u00e4\u00e4nn\u00e4 vasemmalla k\u00e4dell\u00e4 oikean k\u00e4den rannetta niin, ett\u00e4 sormet osoittavat yl\u00f6sp\u00e4in. Venytys kohdistuu ranteen ojentajiin. Jos haluat venytt\u00e4\u00e4 sormien ojentajia, tee liike muuten samoin, mutta laita k\u00e4tesi nyrkkiin ja pid\u00e4 sit\u00e4 siin\u00e4 asennossa toisella k\u00e4dell\u00e4.<\/td>\n<\/tr>\n<tr>\n<td valign=\"top\" width=\"360\"><img loading=\"lazy\" decoding=\"async\" class=\"alignleft size-full wp-image-214\" title=\"jarmo 025v\" src=\"http:\/\/www.jarmosalow.com\/sivut\/wp-content\/uploads\/2011\/09\/jarmo-025v.jpg\" alt=\"\" width=\"203\" height=\"369\" srcset=\"https:\/\/www.jarmosalow.com\/sivut\/wp-content\/uploads\/2011\/09\/jarmo-025v.jpg 203w, https:\/\/www.jarmosalow.com\/sivut\/wp-content\/uploads\/2011\/09\/jarmo-025v-165x300.jpg 165w, https:\/\/www.jarmosalow.com\/sivut\/wp-content\/uploads\/2011\/09\/jarmo-025v-82x150.jpg 82w\" sizes=\"auto, (max-width: 203px) 100vw, 203px\" \/><\/td>\n<td valign=\"top\" width=\"360\"><strong>Rintalihakset (pectoralis major)<\/strong><\/p>\n<p>Oikea puoli venytett\u00e4v\u00e4n\u00e4<\/p>\n<p>Seiso noin puolenmetrin p\u00e4\u00e4ss\u00e4 sein\u00e4st\u00e4, kylki sein\u00e4\u00e4 kohti. Nosta oikea k\u00e4si takaviistoon, k\u00e4mmenpuoli kiinni sein\u00e4\u00e4n, hieman yli vaakatason. Pid\u00e4 venytett\u00e4v\u00e4\u00e4 k\u00e4tt\u00e4 hieman koukussa. Kierr\u00e4 yl\u00e4vartaloasi vasemmalle, jolloin tunnet venytyksen. Voit hieman vaihdella venytett\u00e4v\u00e4n k\u00e4den korkeutta jotta saat venytyksen kohdistumaan lihaksen eri kohtiin.<\/td>\n<\/tr>\n<\/tbody>\n<\/table>\n<p><\/p>\n<div style=\"font-size:14px\"><a title=\"K\u00e4sien venytykset\" href=\"http:\/\/www.jarmosalow.com\/sivut\/?page_id=267\">K\u00e4sien venytykset<\/a> | <a title=\"Sel\u00e4n ja vatsan venytykset\" href=\"http:\/\/www.jarmosalow.com\/sivut\/?page_id=271\">Sel\u00e4n ja vatsan venytykset<\/a> | <a title=\"Jalkojen venytykset\" href=\"http:\/\/www.jarmosalow.com\/sivut\/?page_id=273\">Jalkojen venytykset<\/a> | <a title=\"Hartioiden venytykset\" href=\"http:\/\/www.jarmosalow.com\/sivut\/?page_id=275\">Hartioiden venytykset<\/a><\/div>\n","protected":false},"excerpt":{"rendered":"<p>K\u00e4sien venytykset | Sel\u00e4n ja vatsan venytykset | Jalkojen venytykset | Hartioiden venytykset \u00a0 Olkavarren ojentajan venytys (triceps brachii) Oikea k\u00e4si venytett\u00e4v\u00e4n\u00e4. Nosta oikea k\u00e4tesi yl\u00e4kautta sel\u00e4n taakse ja tartu siihen vasemmalla k\u00e4dell\u00e4si alakautta. Mik\u00e4li et saa k\u00e4si\u00e4si vastakkain, voit k\u00e4ytt\u00e4\u00e4 apuv\u00e4lineen\u00e4 esim. pyyhett\u00e4. Ved\u00e4 vasemmalla k\u00e4dell\u00e4 oikeaa k\u00e4tt\u00e4 alasp\u00e4in. Pid\u00e4 oikea k\u00e4den kyyn\u00e4rp\u00e4\u00e4 koko [&hellip;]<\/p>\n","protected":false},"author":1,"featured_media":0,"parent":6,"menu_order":0,"comment_status":"closed","ping_status":"closed","template":"","meta":{"footnotes":""},"class_list":["post-267","page","type-page","status-publish","hentry"],"_links":{"self":[{"href":"https:\/\/www.jarmosalow.com\/sivut\/index.php?rest_route=\/wp\/v2\/pages\/267","targetHints":{"allow":["GET"]}}],"collection":[{"href":"https:\/\/www.jarmosalow.com\/sivut\/index.php?rest_route=\/wp\/v2\/pages"}],"about":[{"href":"https:\/\/www.jarmosalow.com\/sivut\/index.php?rest_route=\/wp\/v2\/types\/page"}],"author":[{"embeddable":true,"href":"https:\/\/www.jarmosalow.com\/sivut\/index.php?rest_route=\/wp\/v2\/users\/1"}],"replies":[{"embeddable":true,"href":"https:\/\/www.jarmosalow.com\/sivut\/index.php?rest_route=%2Fwp%2Fv2%2Fcomments&post=267"}],"version-history":[{"count":38,"href":"https:\/\/www.jarmosalow.com\/sivut\/index.php?rest_route=\/wp\/v2\/pages\/267\/revisions"}],"predecessor-version":[{"id":343,"href":"https:\/\/www.jarmosalow.com\/sivut\/index.php?rest_route=\/wp\/v2\/pages\/267\/revisions\/343"}],"up":[{"embeddable":true,"href":"https:\/\/www.jarmosalow.com\/sivut\/index.php?rest_route=\/wp\/v2\/pages\/6"}],"wp:attachment":[{"href":"https:\/\/www.jarmosalow.com\/sivut\/index.php?rest_route=%2Fwp%2Fv2%2Fmedia&parent=267"}],"curies":[{"name":"wp","href":"https:\/\/api.w.org\/{rel}","templated":true}]}}