{"id":275,"date":"2011-09-28T19:45:55","date_gmt":"2011-09-28T19:45:55","guid":{"rendered":"http:\/\/www.jarmosalow.com\/sivut\/?page_id=275"},"modified":"2011-10-02T18:57:45","modified_gmt":"2011-10-02T18:57:45","slug":"hartioiden-venytykset","status":"publish","type":"page","link":"https:\/\/www.jarmosalow.com\/sivut\/?page_id=275","title":{"rendered":"Hartioiden venytykset"},"content":{"rendered":"<p><\/p>\n<div style=\"font-size: 14px;\"><a title=\"K\u00e4sien venytykset\" href=\"http:\/\/www.jarmosalow.com\/sivut\/?page_id=267\">K\u00e4sien venytykset<\/a> | <a title=\"Sel\u00e4n ja vatsan venytykset\" href=\"http:\/\/www.jarmosalow.com\/sivut\/?page_id=271\">Sel\u00e4n ja vatsan venytykset<\/a> | <a title=\"Jalkojen venytykset\" href=\"http:\/\/www.jarmosalow.com\/sivut\/?page_id=273\">Jalkojen venytykset<\/a> | <a title=\"Hartioiden venytykset\" href=\"http:\/\/www.jarmosalow.com\/sivut\/?page_id=275\">Hartioiden venytykset<\/a><\/div>\n<table width=\"720\" border=\"0\" cellpadding=\"10\">\n<tbody>\n<tr>\n<td valign=\"top\" width=\"360\">\u00a0<img loading=\"lazy\" decoding=\"async\" class=\"alignleft size-full wp-image-221\" title=\"jarmo 033v\" src=\"http:\/\/www.jarmosalow.com\/sivut\/wp-content\/uploads\/2011\/09\/jarmo-033v.jpg\" alt=\"\" width=\"255\" height=\"340\" srcset=\"https:\/\/www.jarmosalow.com\/sivut\/wp-content\/uploads\/2011\/09\/jarmo-033v.jpg 255w, https:\/\/www.jarmosalow.com\/sivut\/wp-content\/uploads\/2011\/09\/jarmo-033v-225x300.jpg 225w, https:\/\/www.jarmosalow.com\/sivut\/wp-content\/uploads\/2011\/09\/jarmo-033v-112x150.jpg 112w\" sizes=\"auto, (max-width: 255px) 100vw, 255px\" \/><\/td>\n<td valign=\"top\" width=\"360\"><strong>Hartialihakset (trapetziuksen yl\u00e4osa, levator)<\/strong><\/p>\n<p>Vasen puoli venytett\u00e4v\u00e4n\u00e4.<\/p>\n<p>Tartu oikealla k\u00e4dell\u00e4 kiinni vasemmasta ranteesta ja ved\u00e4 alasp\u00e4in. Taivuta sitten p\u00e4\u00e4t\u00e4 oikealle. Tunnet venytyksen hartian p\u00e4\u00e4ll\u00e4.<\/td>\n<\/tr>\n<tr>\n<td valign=\"top\" width=\"360\"><img loading=\"lazy\" decoding=\"async\" class=\"alignleft size-full wp-image-222\" title=\"jarmo 034v\" src=\"http:\/\/www.jarmosalow.com\/sivut\/wp-content\/uploads\/2011\/09\/jarmo-034v.jpg\" alt=\"\" width=\"255\" height=\"340\" srcset=\"https:\/\/www.jarmosalow.com\/sivut\/wp-content\/uploads\/2011\/09\/jarmo-034v.jpg 255w, https:\/\/www.jarmosalow.com\/sivut\/wp-content\/uploads\/2011\/09\/jarmo-034v-225x300.jpg 225w, https:\/\/www.jarmosalow.com\/sivut\/wp-content\/uploads\/2011\/09\/jarmo-034v-112x150.jpg 112w\" sizes=\"auto, (max-width: 255px) 100vw, 255px\" \/><\/td>\n<td valign=\"top\" width=\"360\"><strong>Kaularangan etuosan lihakset<\/strong><\/p>\n<p>Oikea puoli venytett\u00e4v\u00e4n\u00e4.<\/p>\n<p>Seisten tai istuen. Kierr\u00e4 p\u00e4\u00e4t\u00e4si vasemmalle ja kallista sitten taaksep\u00e4in ja nosta leukaa yl\u00f6s. \u00c4l\u00e4 p\u00e4\u00e4st\u00e4 p\u00e4\u00e4t\u00e4si vain \u201dretkahtamaan\u201d taaksep\u00e4in, vaan pid\u00e4 kaularanka mahdollisimman ryhdikk\u00e4\u00e4n\u00e4, kuin joku vet\u00e4isi sinua hiuksista yl\u00f6sp\u00e4in.<\/td>\n<\/tr>\n<tr>\n<td valign=\"top\" width=\"360\">\u00a0<img loading=\"lazy\" decoding=\"async\" class=\"alignleft size-full wp-image-223\" title=\"jarmo 036v\" src=\"http:\/\/www.jarmosalow.com\/sivut\/wp-content\/uploads\/2011\/09\/jarmo-036v.jpg\" alt=\"\" width=\"255\" height=\"340\" srcset=\"https:\/\/www.jarmosalow.com\/sivut\/wp-content\/uploads\/2011\/09\/jarmo-036v.jpg 255w, https:\/\/www.jarmosalow.com\/sivut\/wp-content\/uploads\/2011\/09\/jarmo-036v-225x300.jpg 225w, https:\/\/www.jarmosalow.com\/sivut\/wp-content\/uploads\/2011\/09\/jarmo-036v-112x150.jpg 112w\" sizes=\"auto, (max-width: 255px) 100vw, 255px\" \/><\/td>\n<td valign=\"top\" width=\"360\"><strong>Niska (kaularangan ojentajat)<\/strong><\/p>\n<p>Seiso tai istu ryhdikk\u00e4\u00e4sti. Anna p\u00e4\u00e4n painua alasp\u00e4in omalla painollaan, leuka kohti rintaa.<\/td>\n<\/tr>\n<\/tbody>\n<\/table>\n<p><\/p>\n<div style=\"font-size: 14px;\"><a title=\"K\u00e4sien venytykset\" href=\"http:\/\/www.jarmosalow.com\/sivut\/?page_id=267\">K\u00e4sien venytykset<\/a> | <a title=\"Sel\u00e4n ja vatsan venytykset\" href=\"http:\/\/www.jarmosalow.com\/sivut\/?page_id=271\">Sel\u00e4n ja vatsan venytykset<\/a> | <a title=\"Jalkojen venytykset\" href=\"http:\/\/www.jarmosalow.com\/sivut\/?page_id=273\">Jalkojen venytykset<\/a> | <a title=\"Hartioiden venytykset\" href=\"http:\/\/www.jarmosalow.com\/sivut\/?page_id=275\">Hartioiden venytykset<\/a><\/div>\n","protected":false},"excerpt":{"rendered":"<p>K\u00e4sien venytykset | Sel\u00e4n ja vatsan venytykset | Jalkojen venytykset | Hartioiden venytykset \u00a0 Hartialihakset (trapetziuksen yl\u00e4osa, levator) Vasen puoli venytett\u00e4v\u00e4n\u00e4. Tartu oikealla k\u00e4dell\u00e4 kiinni vasemmasta ranteesta ja ved\u00e4 alasp\u00e4in. Taivuta sitten p\u00e4\u00e4t\u00e4 oikealle. Tunnet venytyksen hartian p\u00e4\u00e4ll\u00e4. Kaularangan etuosan lihakset Oikea puoli venytett\u00e4v\u00e4n\u00e4. Seisten tai istuen. Kierr\u00e4 p\u00e4\u00e4t\u00e4si vasemmalle ja kallista sitten taaksep\u00e4in ja [&hellip;]<\/p>\n","protected":false},"author":1,"featured_media":0,"parent":6,"menu_order":0,"comment_status":"closed","ping_status":"closed","template":"","meta":{"footnotes":""},"class_list":["post-275","page","type-page","status-publish","hentry"],"_links":{"self":[{"href":"https:\/\/www.jarmosalow.com\/sivut\/index.php?rest_route=\/wp\/v2\/pages\/275","targetHints":{"allow":["GET"]}}],"collection":[{"href":"https:\/\/www.jarmosalow.com\/sivut\/index.php?rest_route=\/wp\/v2\/pages"}],"about":[{"href":"https:\/\/www.jarmosalow.com\/sivut\/index.php?rest_route=\/wp\/v2\/types\/page"}],"author":[{"embeddable":true,"href":"https:\/\/www.jarmosalow.com\/sivut\/index.php?rest_route=\/wp\/v2\/users\/1"}],"replies":[{"embeddable":true,"href":"https:\/\/www.jarmosalow.com\/sivut\/index.php?rest_route=%2Fwp%2Fv2%2Fcomments&post=275"}],"version-history":[{"count":9,"href":"https:\/\/www.jarmosalow.com\/sivut\/index.php?rest_route=\/wp\/v2\/pages\/275\/revisions"}],"predecessor-version":[{"id":354,"href":"https:\/\/www.jarmosalow.com\/sivut\/index.php?rest_route=\/wp\/v2\/pages\/275\/revisions\/354"}],"up":[{"embeddable":true,"href":"https:\/\/www.jarmosalow.com\/sivut\/index.php?rest_route=\/wp\/v2\/pages\/6"}],"wp:attachment":[{"href":"https:\/\/www.jarmosalow.com\/sivut\/index.php?rest_route=%2Fwp%2Fv2%2Fmedia&parent=275"}],"curies":[{"name":"wp","href":"https:\/\/api.w.org\/{rel}","templated":true}]}}