{"id":366,"date":"2011-10-02T19:08:51","date_gmt":"2011-10-02T19:08:51","guid":{"rendered":"http:\/\/www.jarmosalow.com\/sivut\/?page_id=366"},"modified":"2011-10-02T19:15:23","modified_gmt":"2011-10-02T19:15:23","slug":"tekninen-hieronta","status":"publish","type":"page","link":"https:\/\/www.jarmosalow.com\/sivut\/?page_id=366","title":{"rendered":"Tekninen hieronta"},"content":{"rendered":"<p><\/p>\n<div style=\"font-size:14px\"><a title=\"Tekninen hieronta\" href=\"http:\/\/www.jarmosalow.com\/sivut\/?page_id=366\">Tekninen hieronta<\/a> | <a title=\"MST eli manuaalinen selk\u00e4terapia\" href=\"http:\/\/www.jarmosalow.com\/sivut\/?page_id=368\">MST eli manuaalinen selk\u00e4terapia<\/a> | <a title=\"Klassinen hieronta ja urheiluhieronta\" href=\"http:\/\/www.jarmosalow.com\/sivut\/?page_id=371\">Klassinen hieronta ja urheiluhieronta<\/a><\/div>\n<p>Tekninen hieroja on koulutettu tunnistamaan ihmiskehon tuki-ja liikuntaelinten ongelmia ja erottamaan niit\u00e4 muista, jopa vakavistakin sairauksista. Teknisen hierojan neurologian, anatomian, hieronta tekniikoiden sek\u00e4 kliinisen testaamisen tuntemus on todella laaja verrattuna koulutettuun hierojaan.<\/p>\n<p>Tekninen hieronta on aina ongelmakeskeist\u00e4 hoitoa. Testeill\u00e4 paikallistetaan vaivojen aihettajat ja hoito kohdistetaan tarkasti ongelmakohtiin. Ongelmien poistamisen lis\u00e4ksi teknisell\u00e4 hieronnalla pyrit\u00e4\u00e4n lis\u00e4\u00e4m\u00e4\u00e4n liikkuvuutta niveliss\u00e4 ja nivelkapseleissa, lis\u00e4\u00e4m\u00e4\u00e4n lihasten aineenvaihduntaa ja elastisuutta eri tekniikoiden avulla.<\/p>\n<p>Hoitoty\u00f6ss\u00e4 pyrit\u00e4\u00e4n valitsemaan asiakkaan kannalta sopivimmat ja tehokkaimmat hoitomuodot ongelman aiheuttajan poistamiseksi.  Hoitotekniikoissa k\u00e4ytet\u00e4\u00e4n perinteisen ter\u00e4v\u00e4n ja lihaksen pitkitt\u00e4issuuntaisen otteen sijaan leveit\u00e4 ja poikittain venytt\u00e4vi\u00e4 otteita, joilla hoito voidaan tehd\u00e4 tehokkaasti ja turvallisesti.<\/p>\n<p>Teknisen hierojan t\u00e4rkein osaamisalue on hermopinteiden paikallistaminen sek\u00e4 tieto ja taito mitk\u00e4 pinteet on mahdollista hoitaa kuntoon erikoishieronnalla. Esimerkiksi sormien puutumisen syyn\u00e4 ei ole l\u00e4hesk\u00e4\u00e4n aina rannekanavan ahtauma, joka vaatii usein leikkaushoitoa.<\/p>\n<p>Jos l\u00f6ytyy merkkej\u00e4 jostain vakavammasta oireesta tai sairaudesta tai h\u00e4iri\u00f6n aiheuttaja j\u00e4\u00e4 ep\u00e4selv\u00e4ksi, ei hierontahoitoa anneta vaan ohjataan asiakas aina jatkotutkimuksiin. On eritt\u00e4in t\u00e4rke\u00e4\u00e4 tiet\u00e4\u00e4 milloin hierontahoitoja saa ja kannattaa antaa. Jos asiakkaalla on esimerkiksi pahanlaatuisia kasvaimia, laskimotukos, prolapsi, tms., ovat hierontahoidot kiellettyj\u00e4. Jos hoitaja ei tunnista hieronnan vakavia kontraindikaatioita, on todella vaarallista yritt\u00e4\u00e4 hoitaa h\u00e4iri\u00f6it\u00e4 \u201dhyv\u00e4ll\u00e4 tuurilla\u201d.<\/p>\n<p><\/p>\n<div style=\"font-size:14px\"><a title=\"Tekninen hieronta\" href=\"http:\/\/www.jarmosalow.com\/sivut\/?page_id=366\">Tekninen hieronta<\/a> | <a title=\"MST eli manuaalinen selk\u00e4terapia\" href=\"http:\/\/www.jarmosalow.com\/sivut\/?page_id=368\">MST eli manuaalinen selk\u00e4terapia<\/a> | <a title=\"Klassinen hieronta ja urheiluhieronta\" href=\"http:\/\/www.jarmosalow.com\/sivut\/?page_id=371\">Klassinen hieronta ja urheiluhieronta<\/a><\/div>\n","protected":false},"excerpt":{"rendered":"<p>Tekninen hieronta | MST eli manuaalinen selk\u00e4terapia | Klassinen hieronta ja urheiluhieronta Tekninen hieroja on koulutettu tunnistamaan ihmiskehon tuki-ja liikuntaelinten ongelmia ja erottamaan niit\u00e4 muista, jopa vakavistakin sairauksista. Teknisen hierojan neurologian, anatomian, hieronta tekniikoiden sek\u00e4 kliinisen testaamisen tuntemus on todella laaja verrattuna koulutettuun hierojaan. Tekninen hieronta on aina ongelmakeskeist\u00e4 hoitoa. Testeill\u00e4 paikallistetaan vaivojen aihettajat ja [&hellip;]<\/p>\n","protected":false},"author":1,"featured_media":0,"parent":190,"menu_order":0,"comment_status":"closed","ping_status":"closed","template":"","meta":{"footnotes":""},"class_list":["post-366","page","type-page","status-publish","hentry"],"_links":{"self":[{"href":"https:\/\/www.jarmosalow.com\/sivut\/index.php?rest_route=\/wp\/v2\/pages\/366","targetHints":{"allow":["GET"]}}],"collection":[{"href":"https:\/\/www.jarmosalow.com\/sivut\/index.php?rest_route=\/wp\/v2\/pages"}],"about":[{"href":"https:\/\/www.jarmosalow.com\/sivut\/index.php?rest_route=\/wp\/v2\/types\/page"}],"author":[{"embeddable":true,"href":"https:\/\/www.jarmosalow.com\/sivut\/index.php?rest_route=\/wp\/v2\/users\/1"}],"replies":[{"embeddable":true,"href":"https:\/\/www.jarmosalow.com\/sivut\/index.php?rest_route=%2Fwp%2Fv2%2Fcomments&post=366"}],"version-history":[{"count":2,"href":"https:\/\/www.jarmosalow.com\/sivut\/index.php?rest_route=\/wp\/v2\/pages\/366\/revisions"}],"predecessor-version":[{"id":379,"href":"https:\/\/www.jarmosalow.com\/sivut\/index.php?rest_route=\/wp\/v2\/pages\/366\/revisions\/379"}],"up":[{"embeddable":true,"href":"https:\/\/www.jarmosalow.com\/sivut\/index.php?rest_route=\/wp\/v2\/pages\/190"}],"wp:attachment":[{"href":"https:\/\/www.jarmosalow.com\/sivut\/index.php?rest_route=%2Fwp%2Fv2%2Fmedia&parent=366"}],"curies":[{"name":"wp","href":"https:\/\/api.w.org\/{rel}","templated":true}]}}