{"id":368,"date":"2011-10-02T19:09:37","date_gmt":"2011-10-02T19:09:37","guid":{"rendered":"http:\/\/www.jarmosalow.com\/sivut\/?page_id=368"},"modified":"2011-10-02T19:20:08","modified_gmt":"2011-10-02T19:20:08","slug":"mst-eli-manuaalinen-selkaterapia","status":"publish","type":"page","link":"https:\/\/www.jarmosalow.com\/sivut\/?page_id=368","title":{"rendered":"MST eli manuaalinen selk\u00e4terapia"},"content":{"rendered":"<p><\/p>\n<div style=\"font-size: 14px;\"><a title=\"Tekninen hieronta\" href=\"http:\/\/www.jarmosalow.com\/sivut\/?page_id=366\">Tekninen hieronta<\/a> | <a title=\"MST eli manuaalinen selk\u00e4terapia\" href=\"http:\/\/www.jarmosalow.com\/sivut\/?page_id=368\">MST eli manuaalinen selk\u00e4terapia<\/a> | <a title=\"Klassinen hieronta ja urheiluhieronta\" href=\"http:\/\/www.jarmosalow.com\/sivut\/?page_id=371\">Klassinen hieronta ja urheiluhieronta<\/a><\/div>\n<p>Manuaalinen selk\u00e4terapia k\u00e4sitt\u00e4\u00e4 koko kehon turvalliset manipulaatiot (koko kehon nivelten lukkotilojen aukaisut) ja mobilisaatiot (aktiiviset ja passiiviset liikeharjoitteet). Koulutuksessa perehdyt\u00e4\u00e4n laajasti k\u00e4yt\u00e4nn\u00f6n harjottein tuki-ja liikuntaelimist\u00f6n tutkimiseen, testaamiseen, mobilisointiin ja manipulaatiohin.<br \/>\n<\/p>\n<div style=\"font-size: 14px;\"><a title=\"Tekninen hieronta\" href=\"http:\/\/www.jarmosalow.com\/sivut\/?page_id=366\">Tekninen hieronta<\/a> | <a title=\"MST eli manuaalinen selk\u00e4terapia\" href=\"http:\/\/www.jarmosalow.com\/sivut\/?page_id=368\">MST eli manuaalinen selk\u00e4terapia<\/a> | <a title=\"Klassinen hieronta ja urheiluhieronta\" href=\"http:\/\/www.jarmosalow.com\/sivut\/?page_id=371\">Klassinen hieronta ja urheiluhieronta<\/a><\/div>\n","protected":false},"excerpt":{"rendered":"<p>Tekninen hieronta | MST eli manuaalinen selk\u00e4terapia | Klassinen hieronta ja urheiluhieronta Manuaalinen selk\u00e4terapia k\u00e4sitt\u00e4\u00e4 koko kehon turvalliset manipulaatiot (koko kehon nivelten lukkotilojen aukaisut) ja mobilisaatiot (aktiiviset ja passiiviset liikeharjoitteet). Koulutuksessa perehdyt\u00e4\u00e4n laajasti k\u00e4yt\u00e4nn\u00f6n harjottein tuki-ja liikuntaelimist\u00f6n tutkimiseen, testaamiseen, mobilisointiin ja manipulaatiohin. Tekninen hieronta | MST eli manuaalinen selk\u00e4terapia | Klassinen hieronta ja urheiluhieronta<\/p>\n","protected":false},"author":1,"featured_media":0,"parent":190,"menu_order":0,"comment_status":"closed","ping_status":"closed","template":"","meta":{"footnotes":""},"class_list":["post-368","page","type-page","status-publish","hentry"],"_links":{"self":[{"href":"https:\/\/www.jarmosalow.com\/sivut\/index.php?rest_route=\/wp\/v2\/pages\/368","targetHints":{"allow":["GET"]}}],"collection":[{"href":"https:\/\/www.jarmosalow.com\/sivut\/index.php?rest_route=\/wp\/v2\/pages"}],"about":[{"href":"https:\/\/www.jarmosalow.com\/sivut\/index.php?rest_route=\/wp\/v2\/types\/page"}],"author":[{"embeddable":true,"href":"https:\/\/www.jarmosalow.com\/sivut\/index.php?rest_route=\/wp\/v2\/users\/1"}],"replies":[{"embeddable":true,"href":"https:\/\/www.jarmosalow.com\/sivut\/index.php?rest_route=%2Fwp%2Fv2%2Fcomments&post=368"}],"version-history":[{"count":4,"href":"https:\/\/www.jarmosalow.com\/sivut\/index.php?rest_route=\/wp\/v2\/pages\/368\/revisions"}],"predecessor-version":[{"id":386,"href":"https:\/\/www.jarmosalow.com\/sivut\/index.php?rest_route=\/wp\/v2\/pages\/368\/revisions\/386"}],"up":[{"embeddable":true,"href":"https:\/\/www.jarmosalow.com\/sivut\/index.php?rest_route=\/wp\/v2\/pages\/190"}],"wp:attachment":[{"href":"https:\/\/www.jarmosalow.com\/sivut\/index.php?rest_route=%2Fwp%2Fv2%2Fmedia&parent=368"}],"curies":[{"name":"wp","href":"https:\/\/api.w.org\/{rel}","templated":true}]}}