{"id":371,"date":"2011-10-02T19:10:37","date_gmt":"2011-10-02T19:10:37","guid":{"rendered":"http:\/\/www.jarmosalow.com\/sivut\/?page_id=371"},"modified":"2011-10-02T19:15:00","modified_gmt":"2011-10-02T19:15:00","slug":"klassinen-hieronta-ja-urheiluhieronta","status":"publish","type":"page","link":"https:\/\/www.jarmosalow.com\/sivut\/?page_id=371","title":{"rendered":"Klassinen hieronta ja urheiluhieronta"},"content":{"rendered":"<p><\/p>\n<div style=\"font-size:14px\"><a title=\"Tekninen hieronta\" href=\"http:\/\/www.jarmosalow.com\/sivut\/?page_id=366\">Tekninen hieronta<\/a> | <a title=\"MST eli manuaalinen selk\u00e4terapia\" href=\"http:\/\/www.jarmosalow.com\/sivut\/?page_id=368\">MST eli manuaalinen selk\u00e4terapia<\/a> | <a title=\"Klassinen hieronta ja urheiluhieronta\" href=\"http:\/\/www.jarmosalow.com\/sivut\/?page_id=371\">Klassinen hieronta ja urheiluhieronta<\/a><\/div>\n<p>Hieronnalla tarkoitetaan k\u00e4sin teht\u00e4v\u00e4\u00e4 pehmytkudosten k\u00e4sittely\u00e4. Suurin vaikutus kohdistuu lihaksiin, mutta my\u00f6s j\u00e4nteet, nivelsiteet, nivelet, lihaskalvot ja iho saavat oman osuutensa. Hoitotekniikasta ja hoidon tavoitteesta riippuen.<\/p>\n<p>Hieronnassa k\u00e4ytet\u00e4\u00e4n v\u00e4liaineena erilaisia, nimenomaan hierontak\u00e4ytt\u00f6\u00f6n suunniteltuja, rasvoja ja \u00f6ljyj\u00e4. Hierontaa voidaan tehd\u00e4 my\u00f6s ns. kuivahierontana eli kudosten venytysten apuv\u00e4lineen\u00e4 k\u00e4ytet\u00e4\u00e4n pyyhett\u00e4 tai jotain muuta iholla luistamatonta materiaalia.<\/p>\n<p>Hieronta on yksi suosituimmista hoitomuodoista tuki- ja liikuntaelin vaivoissa. Hieronnan t\u00e4rke\u00e4 merkitys urheilijoille on todettu jo kauan sitten ja on my\u00f6s pystytty todistamaan hieronnan ennaltaehk\u00e4isev\u00e4 vaikutus. Hieronta nopeuttaa palautumista ja harjoittelun teho paranee sek\u00e4 vamma-alttius v\u00e4henee.<\/p>\n<p>Hierontahoidolla, ohjauksella ja neuvonnalla pystyt\u00e4\u00e4n parantamaan asiakkaan toimintakyky\u00e4 ja el\u00e4m\u00e4nlaatua.<\/p>\n<p>Hieronta voidaan suorittaa monella eri tavalla.<\/p>\n<ul>\n<li>Rentouttavasti\/huoltavasti, jolloin k\u00e4ytet\u00e4\u00e4n kevyemp\u00e4\u00e4 voimaa ja tehd\u00e4\u00e4n ns. yleisk\u00e4sittely jollekin alueelle\/alueille.<\/li>\n<li>Palauttavasti, esim.urheilusuorituksen j\u00e4lkeen.<\/li>\n<li>Valmistavasti, lihaksia her\u00e4tell\u00e4\u00e4n ennen urheilusuoritusta.<\/li>\n<li>Hoitaen\/muokaten, keskittyen ongelmakohtiin ja tiettyihin lihaksiin ja lihasten osiin.<\/li>\n<\/ul>\n<p><\/p>\n<div style=\"font-size:14px\"><a title=\"Tekninen hieronta\" href=\"http:\/\/www.jarmosalow.com\/sivut\/?page_id=366\">Tekninen hieronta<\/a> | <a title=\"MST eli manuaalinen selk\u00e4terapia\" href=\"http:\/\/www.jarmosalow.com\/sivut\/?page_id=368\">MST eli manuaalinen selk\u00e4terapia<\/a> | <a title=\"Klassinen hieronta ja urheiluhieronta\" href=\"http:\/\/www.jarmosalow.com\/sivut\/?page_id=371\">Klassinen hieronta ja urheiluhieronta<\/a><\/div>\n","protected":false},"excerpt":{"rendered":"<p>Tekninen hieronta | MST eli manuaalinen selk\u00e4terapia | Klassinen hieronta ja urheiluhieronta Hieronnalla tarkoitetaan k\u00e4sin teht\u00e4v\u00e4\u00e4 pehmytkudosten k\u00e4sittely\u00e4. Suurin vaikutus kohdistuu lihaksiin, mutta my\u00f6s j\u00e4nteet, nivelsiteet, nivelet, lihaskalvot ja iho saavat oman osuutensa. Hoitotekniikasta ja hoidon tavoitteesta riippuen. Hieronnassa k\u00e4ytet\u00e4\u00e4n v\u00e4liaineena erilaisia, nimenomaan hierontak\u00e4ytt\u00f6\u00f6n suunniteltuja, rasvoja ja \u00f6ljyj\u00e4. Hierontaa voidaan tehd\u00e4 my\u00f6s ns. kuivahierontana eli [&hellip;]<\/p>\n","protected":false},"author":1,"featured_media":0,"parent":190,"menu_order":0,"comment_status":"closed","ping_status":"closed","template":"","meta":{"footnotes":""},"class_list":["post-371","page","type-page","status-publish","hentry"],"_links":{"self":[{"href":"https:\/\/www.jarmosalow.com\/sivut\/index.php?rest_route=\/wp\/v2\/pages\/371","targetHints":{"allow":["GET"]}}],"collection":[{"href":"https:\/\/www.jarmosalow.com\/sivut\/index.php?rest_route=\/wp\/v2\/pages"}],"about":[{"href":"https:\/\/www.jarmosalow.com\/sivut\/index.php?rest_route=\/wp\/v2\/types\/page"}],"author":[{"embeddable":true,"href":"https:\/\/www.jarmosalow.com\/sivut\/index.php?rest_route=\/wp\/v2\/users\/1"}],"replies":[{"embeddable":true,"href":"https:\/\/www.jarmosalow.com\/sivut\/index.php?rest_route=%2Fwp%2Fv2%2Fcomments&post=371"}],"version-history":[{"count":6,"href":"https:\/\/www.jarmosalow.com\/sivut\/index.php?rest_route=\/wp\/v2\/pages\/371\/revisions"}],"predecessor-version":[{"id":378,"href":"https:\/\/www.jarmosalow.com\/sivut\/index.php?rest_route=\/wp\/v2\/pages\/371\/revisions\/378"}],"up":[{"embeddable":true,"href":"https:\/\/www.jarmosalow.com\/sivut\/index.php?rest_route=\/wp\/v2\/pages\/190"}],"wp:attachment":[{"href":"https:\/\/www.jarmosalow.com\/sivut\/index.php?rest_route=%2Fwp%2Fv2%2Fmedia&parent=371"}],"curies":[{"name":"wp","href":"https:\/\/api.w.org\/{rel}","templated":true}]}}