{"id":66,"date":"2011-09-24T08:09:42","date_gmt":"2011-09-24T08:09:42","guid":{"rendered":"http:\/\/www.jarmosalow.com\/sivut\/?page_id=66"},"modified":"2011-09-26T21:26:40","modified_gmt":"2011-09-26T21:26:40","slug":"palaute","status":"publish","type":"page","link":"https:\/\/www.jarmosalow.com\/sivut\/?page_id=66","title":{"rendered":"Palaute"},"content":{"rendered":"<p>&nbsp;<\/p>\n\n\n<!-- Fast Secure Contact Form plugin 4.0.52 - begin - FastSecureContactForm.com -->\r\n<div style=\"clear:both;\"><\/div>\n<p>L\u00e4het\u00e4 palautetta.<\/p>\r\n<div id=\"FSContact2\" style=\"width:375px;\">\r\n<form action=\"https:\/\/www.jarmosalow.com\/sivut\/index.php?rest_route=%2Fwp%2Fv2%2Fpages%2F66#FSContact2\" id=\"fscf_form2\" method=\"post\">\r\n\n<div id=\"fscf_required2\">\n  <span style=\"text-align:left;\"> *<\/span> <span style=\"text-align:left;\">merkityt kent\u00e4t tulee t\u00e4ytt\u00e4\u00e4.<\/span>\n<\/div>\n\n\n<div id=\"fscf_div_clear2_0\" style=\"clear:both;\">\n  <div id=\"fscf_div_field2_0\" style=\"clear:left; float:left; width:99%; max-width:550px; margin-right:10px;\">\r\n    <div style=\"text-align:left; padding-top:5px;\">\n      <label style=\"text-align:left;\" for=\"fscf_name2\">Nimi:<span style=\"text-align:left;\"> *<\/span><\/label>\n    <\/div>\r\n    <div style=\"text-align:left;\">\r\n      <input style=\"text-align:left; margin:0;\" type=\"text\" id=\"fscf_name2\" name=\"full_name\" value=\"\"  readonly=\"readonly\" \/>\r\n    <\/div>\r\n  <\/div>\n<\/div>\n\n<div id=\"fscf_div_clear2_1\" style=\"clear:both;\">\n  <div id=\"fscf_div_field2_1\" style=\"clear:left; float:left; width:99%; max-width:550px; margin-right:10px;\">\n    <div style=\"text-align:left; padding-top:5px;\">\n      <label style=\"text-align:left;\" for=\"fscf_email2\">S\u00e4hk\u00f6postiosoite:<span style=\"text-align:left;\"> *<\/span><\/label>\n    <\/div>\n    <div style=\"text-align:left;\">\n      <input style=\"text-align:left; margin:0;\" type=\"text\" id=\"fscf_email2\" name=\"email\" value=\"\"  readonly=\"readonly\" \/>\n    <\/div>\n  <\/div>\n<\/div>\n\n<div id=\"fscf_div_clear2_2\" style=\"clear:both;\">\n  <div id=\"fscf_div_field2_2\" style=\"clear:left; float:left; width:99%; max-width:550px; margin-right:10px;\">\n    <div style=\"text-align:left; padding-top:5px;\">\n      <label style=\"text-align:left;\" for=\"fscf_field2_2\">Aihe:<span style=\"text-align:left;\"> *<\/span><\/label>\n    <\/div>\n    <div style=\"text-align:left;\">\n      <input style=\"text-align:left; margin:0;\" type=\"text\" id=\"fscf_field2_2\" name=\"subject\" value=\"\"  \/>\n    <\/div>\n  <\/div>\n<\/div>\n\n<div id=\"fscf_div_clear2_3\" style=\"clear:both;\">\n  <div id=\"fscf_div_field2_3\" style=\"clear:left; float:left; width:99%; max-width:550px; margin-right:10px;\">\n    <div style=\"text-align:left; padding-top:5px;\">\n      <label style=\"text-align:left;\" for=\"fscf_field2_3\">Viesti:<span style=\"text-align:left;\"> *<\/span><\/label>\n    <\/div>\n    <div style=\"text-align:left;\">\n      <textarea style=\"text-align:left; margin:0; width:99%; max-width:250px; height:120px;\" id=\"fscf_field2_3\" name=\"message\" cols=\"30\" rows=\"10\" ><\/textarea>\n    <\/div>\n  <\/div>\n<\/div>\r\n<div style=\"clear:both;\"><\/div>\n\n<div style=\"text-align:left; padding-top:5px;\">\n<\/div>\n<div id=\"fscf_captcha_image_div2\" style=\"width:250px; height:65px; padding-top:2px;\">\n      <img loading=\"lazy\" decoding=\"async\" id=\"fscf_captcha_image2\" style=\"border-style:none; margin:0; padding:0px; padding-right:5px; float:left;\" src=\"https:\/\/www.jarmosalow.com\/sivut\/wp-content\/plugins\/si-contact-form\/captcha\/securimage_show.php?prefix=gsPq9xVXZNE6I0bm\" width=\"175\" height=\"60\" alt=\"CAPTCHA\" title=\"CAPTCHA\" \/>\n      <input id=\"fscf_captcha_prefix2\" type=\"hidden\" name=\"fscf_captcha_prefix2\" value=\"gsPq9xVXZNE6I0bm\" \/>\n     <div id=\"fscf_captcha_refresh2\">\n        <a href=\"#\" rel=\"nofollow\" title=\"Refresh\" onclick=\"fscf_captcha_refresh('2','\/sivut\/wp-content\/plugins\/si-contact-form\/captcha','https:\/\/www.jarmosalow.com\/sivut\/wp-content\/plugins\/si-contact-form\/captcha\/securimage_show.php?prefix='); return false;\">\n        <img loading=\"lazy\" decoding=\"async\" src=\"https:\/\/www.jarmosalow.com\/sivut\/wp-content\/plugins\/si-contact-form\/captcha\/images\/refresh.png\" width=\"22\" height=\"20\" alt=\"Refresh\" style=\"border-style:none; margin:0; padding:0px; vertical-align:bottom;\" onclick=\"this.blur();\" \/><\/a>\r\n     <\/div>\r\n<\/div>\r\n\r\n<div id=\"fscf_captcha_field2\" style=\"text-align:left; padding-top:5px;\">\r\n     <label style=\"text-align:left;\" for=\"fscf_captcha_code2\">CAPTCHA Code:<span style=\"text-align:left;\"> *<\/span><\/label>\r\n<\/div>\r\n<div style=\"text-align:left;\">\n     <input style=\"text-align:left; margin:0; width:50px;\" type=\"text\" value=\"\" autocomplete=\"off\" id=\"fscf_captcha_code2\" name=\"captcha_code\"  \/>\n<\/div>\n\n<div id=\"fscf_submit_div2\" style=\"text-align:left; padding-top:2px;\">\r\n\t\t<input type=\"submit\" id=\"fscf_submit2\" style=\"cursor:pointer; margin:0;\" value=\"L\u00c4HET\u00c4\"  onclick=\"this.disabled=true; this.value='Submitting...'; this.form.submit();\" \/> \n<\/div>\n\n<input type=\"hidden\" name=\"fscf_submitted\" value=\"0\" \/>\n<input type=\"hidden\" name=\"fs_postonce_2\" value=\"ff3f47691c622eee95119409c170c1cb,1776872684\" \/>\n<input type=\"hidden\" name=\"si_contact_action\" value=\"send\" \/>\n<input type=\"hidden\" name=\"form_id\" value=\"2\" \/>\n<input type=\"hidden\" name=\"mailto_id\" value=\"1\" \/>\n\n<\/form>\n<\/div>\r\n<div style=\"clear:both;\"><\/div>\n\n<!-- Fast Secure Contact Form plugin 4.0.52 - end - FastSecureContactForm.com -->\n\n","protected":false},"excerpt":{"rendered":"<p>&nbsp;<\/p>\n","protected":false},"author":1,"featured_media":0,"parent":0,"menu_order":35,"comment_status":"closed","ping_status":"closed","template":"","meta":{"footnotes":""},"class_list":["post-66","page","type-page","status-publish","hentry"],"_links":{"self":[{"href":"https:\/\/www.jarmosalow.com\/sivut\/index.php?rest_route=\/wp\/v2\/pages\/66","targetHints":{"allow":["GET"]}}],"collection":[{"href":"https:\/\/www.jarmosalow.com\/sivut\/index.php?rest_route=\/wp\/v2\/pages"}],"about":[{"href":"https:\/\/www.jarmosalow.com\/sivut\/index.php?rest_route=\/wp\/v2\/types\/page"}],"author":[{"embeddable":true,"href":"https:\/\/www.jarmosalow.com\/sivut\/index.php?rest_route=\/wp\/v2\/users\/1"}],"replies":[{"embeddable":true,"href":"https:\/\/www.jarmosalow.com\/sivut\/index.php?rest_route=%2Fwp%2Fv2%2Fcomments&post=66"}],"version-history":[{"count":9,"href":"https:\/\/www.jarmosalow.com\/sivut\/index.php?rest_route=\/wp\/v2\/pages\/66\/revisions"}],"predecessor-version":[{"id":69,"href":"https:\/\/www.jarmosalow.com\/sivut\/index.php?rest_route=\/wp\/v2\/pages\/66\/revisions\/69"}],"wp:attachment":[{"href":"https:\/\/www.jarmosalow.com\/sivut\/index.php?rest_route=%2Fwp%2Fv2%2Fmedia&parent=66"}],"curies":[{"name":"wp","href":"https:\/\/api.w.org\/{rel}","templated":true}]}}