{"id":96,"date":"2011-09-25T19:44:43","date_gmt":"2011-09-25T19:44:43","guid":{"rendered":"http:\/\/www.jarmosalow.com\/sivut\/?page_id=96"},"modified":"2022-05-03T05:45:05","modified_gmt":"2022-05-03T05:45:05","slug":"esittely","status":"publish","type":"page","link":"https:\/\/www.jarmosalow.com\/sivut\/","title":{"rendered":"Esittely"},"content":{"rendered":"<table border=\"0\" width=\"650\">\n<tbody>\n<tr valign=\"top\">\n<td><strong>Jarmo Salow<\/strong><br \/>\n<strong>Koulutettu hieroja\/urheiluhieroja<\/strong><br \/>\n<strong>Tekninen hieroja<\/strong><br \/>\n<strong>Manuaalinen selk\u00e4terapeutti (MST)<\/strong><\/td>\n<\/tr>\n<\/tbody>\n<\/table>\n<p><img loading=\"lazy\" decoding=\"async\" class=\"alignright size-full wp-image-416\" title=\"Jarmo Salow\" src=\"http:\/\/www.jarmosalow.com\/sivut\/wp-content\/uploads\/2011\/09\/jarmo2.jpg\" alt=\"\" width=\"300\" height=\"240\" srcset=\"https:\/\/www.jarmosalow.com\/sivut\/wp-content\/uploads\/2011\/09\/jarmo2.jpg 300w, https:\/\/www.jarmosalow.com\/sivut\/wp-content\/uploads\/2011\/09\/jarmo2-150x120.jpg 150w\" sizes=\"auto, (max-width: 300px) 100vw, 300px\" \/>Urheiluhieronta, tekninen hieronta,<br \/>\nnivel- ja nikamak\u00e4sittely<\/p>\n<p>Jouhtenentie 181<br \/>\n86300 Oulainen<\/p>\n<p>Puh. 0400 618 757<br \/>\njarmo.salow@jarmosalow.com<\/p>\n<p>&nbsp;<\/p>\n<p><strong>\u00a0<\/strong><\/p>\n<p>&nbsp;<\/p>\n<p><strong>Esittelyni<\/strong><\/p>\n<p>Olen vuonna 1969 syntynyt oulaistelainen hieronta-alan yritt\u00e4j\u00e4.<\/p>\n<p>Hierojakoulutukseni sain Tampereella Pirkanmaan urheiluhierojakoulussa, josta valmistuin joulukuussa 2002. Yritt\u00e4j\u00e4toiminnan aloitin heti valmistuttuani. Ensimm\u00e4isen vuoden toimin Tampereella Liikuntakeskus Elixia Kalevassa. Seuraavat viisi vuotta toimin Tampereella, liikuntakeskus Sykkeess\u00e4, jossa jaoimme yhteisen toimitilan vaimoni Erjan kanssa. Lis\u00e4ksi tein yritysk\u00e4yntej\u00e4 Tampereen alueella.<\/p>\n<p>Urheiluhierojakoulu antoi todella hyv\u00e4t valmiudet aloittaa hierojan ty\u00f6t, mutta oppimisen n\u00e4lk\u00e4 kasvoi t\u00f6it\u00e4 tehdess\u00e4. Niinp\u00e4 jatkoin opiskelua. Ty\u00f6n ohessa kouluttauduin tekniseksi hierojaksi ortopedisen osteopatian koulutuslaitoksessa Sein\u00e4joen Selk\u00e4keskuksessa. Koulutus oli kaksi vuotinen ja valmistuin toukokuussa 2007.<br \/>\nSen j\u00e4lkeen kouluttauiduin manuaaliseksi selk\u00e4terapeutiksi (MST) . Koulutuksesta vastasi Suomen fysiomentorit Oy. Koulutus kesti 1,5 vuotta ja valmistuin 2011 toukokuussa.<\/p>\n<p>Koulutusten lis\u00e4ksi kulutan runsaasti aikaa terveys- ja l\u00e4\u00e4ketieteen alan kirjallisuuden parissa.<\/p>\n<p>Luonteeltani olen rauhallinen ja tunnollinen. Hoidan jokaisen asiakkaan yksil\u00f6llisesti ja neuvon aina parhaani mukaan.<\/p>\n<p>Tervetuloa tervehtym\u00e4\u00e4n ja rentoutumaan omana itsen\u00e4si!<\/p>\n","protected":false},"excerpt":{"rendered":"<p>Jarmo Salow Koulutettu hieroja\/urheiluhieroja Tekninen hieroja Manuaalinen selk\u00e4terapeutti (MST) Urheiluhieronta, tekninen hieronta, nivel- ja nikamak\u00e4sittely Jouhtenentie 181 86300 Oulainen Puh. 0400 618 757 jarmo.salow@jarmosalow.com &nbsp; \u00a0 &nbsp; Esittelyni Olen vuonna 1969 syntynyt oulaistelainen hieronta-alan yritt\u00e4j\u00e4. Hierojakoulutukseni sain Tampereella Pirkanmaan urheiluhierojakoulussa, josta valmistuin joulukuussa 2002. Yritt\u00e4j\u00e4toiminnan aloitin heti valmistuttuani. Ensimm\u00e4isen vuoden toimin Tampereella Liikuntakeskus Elixia Kalevassa. [&hellip;]<\/p>\n","protected":false},"author":1,"featured_media":0,"parent":0,"menu_order":0,"comment_status":"closed","ping_status":"closed","template":"","meta":{"footnotes":""},"class_list":["post-96","page","type-page","status-publish","hentry"],"_links":{"self":[{"href":"https:\/\/www.jarmosalow.com\/sivut\/index.php?rest_route=\/wp\/v2\/pages\/96","targetHints":{"allow":["GET"]}}],"collection":[{"href":"https:\/\/www.jarmosalow.com\/sivut\/index.php?rest_route=\/wp\/v2\/pages"}],"about":[{"href":"https:\/\/www.jarmosalow.com\/sivut\/index.php?rest_route=\/wp\/v2\/types\/page"}],"author":[{"embeddable":true,"href":"https:\/\/www.jarmosalow.com\/sivut\/index.php?rest_route=\/wp\/v2\/users\/1"}],"replies":[{"embeddable":true,"href":"https:\/\/www.jarmosalow.com\/sivut\/index.php?rest_route=%2Fwp%2Fv2%2Fcomments&post=96"}],"version-history":[{"count":63,"href":"https:\/\/www.jarmosalow.com\/sivut\/index.php?rest_route=\/wp\/v2\/pages\/96\/revisions"}],"predecessor-version":[{"id":437,"href":"https:\/\/www.jarmosalow.com\/sivut\/index.php?rest_route=\/wp\/v2\/pages\/96\/revisions\/437"}],"wp:attachment":[{"href":"https:\/\/www.jarmosalow.com\/sivut\/index.php?rest_route=%2Fwp%2Fv2%2Fmedia&parent=96"}],"curies":[{"name":"wp","href":"https:\/\/api.w.org\/{rel}","templated":true}]}}